{"id":68,"date":"2019-05-20T00:44:03","date_gmt":"2019-05-19T22:44:03","guid":{"rendered":"http:\/\/web120256.rex12.flatbooster.info\/ju_2020\/?page_id=68"},"modified":"2019-05-20T00:49:01","modified_gmt":"2019-05-19T22:49:01","slug":"chronik","status":"publish","type":"page","link":"http:\/\/web120256.rex12.flatbooster.info\/ju_2020\/wir-ueber-uns\/chronik\/","title":{"rendered":"Chronik"},"content":{"rendered":"\n<h3 class=\"wp-block-heading\">Ortsvorsitzende der JU Neu\u00f6tting<\/h3>\n\n\n\n<table class=\"wp-block-table\"><tbody><tr><td>1974<\/td><td>Gerhard Gnyp<\/td><\/tr><tr><td>1975 &#8211; 1978:<\/td><td>Olaf Starnberg<\/td><\/tr><tr><td>1978 &#8211; 1981:<\/td><td>Klaus Angermaier<\/td><\/tr><tr><td>1981 &#8211; 1982:<\/td><td>J\u00f6rg Lie\u00dfmann<\/td><\/tr><tr><td>1982 &#8211; 1984:<\/td><td>Birgit May<\/td><\/tr><tr><td>1984 &#8211; 1986:<\/td><td>Karl-Heinz Schillmeier<\/td><\/tr><tr><td>1986 &#8211; 1990:<\/td><td>Josef Gandlgruber<\/td><\/tr><tr><td>1990 &#8211; 1991:<\/td><td>Claus Fromberger<\/td><\/tr><tr><td>1991 &#8211; 1997:<\/td><td>Stephan Mayer<\/td><\/tr><tr><td>1997 &#8211; 1999: <\/td><td>Anita Kastner<\/td><\/tr><tr><td>1999 &#8211; 2003: <\/td><td>Veit Hartsperger<\/td><\/tr><tr><td>2003 &#8211; 2009: <\/td><td>Dominik Asenkerschbaumer<\/td><\/tr><tr><td>2009 &#8211; 2011: <\/td><td>Stefanie Grundner<\/td><\/tr><tr><td> 2011 &#8211; 2019:<\/td><td>Sebastian Strau\u00df<\/td><\/tr><tr><td> seit  2019: <\/td><td>Patrick Wurm<\/td><\/tr><\/tbody><\/table>\n","protected":false},"excerpt":{"rendered":"<p>Ortsvorsitzende der JU Neu\u00f6tting 1974 Gerhard Gnyp 1975 &#8211; 1978: Olaf Starnberg 1978 &#8211; 1981: Klaus Angermaier 1981 &#8211; 1982: J\u00f6rg Lie\u00dfmann 1982 &#8211; 1984: Birgit May 1984 &#8211; 1986: Karl-Heinz Schillmeier 1986 &#8211; 1990: Josef Gandlgruber 1990 &#8211; 1991: Claus Fromberger 1991 &#8211; 1997: Stephan Mayer 1997 &#8211; 1999: Anita Kastner 1999 &#8211; 2003: [&hellip;]<\/p>\n","protected":false},"author":1,"featured_media":0,"parent":66,"menu_order":0,"comment_status":"closed","ping_status":"closed","template":"","meta":{"footnotes":""},"class_list":["post-68","page","type-page","status-publish","hentry"],"_links":{"self":[{"href":"http:\/\/web120256.rex12.flatbooster.info\/ju_2020\/wp-json\/wp\/v2\/pages\/68","targetHints":{"allow":["GET"]}}],"collection":[{"href":"http:\/\/web120256.rex12.flatbooster.info\/ju_2020\/wp-json\/wp\/v2\/pages"}],"about":[{"href":"http:\/\/web120256.rex12.flatbooster.info\/ju_2020\/wp-json\/wp\/v2\/types\/page"}],"author":[{"embeddable":true,"href":"http:\/\/web120256.rex12.flatbooster.info\/ju_2020\/wp-json\/wp\/v2\/users\/1"}],"replies":[{"embeddable":true,"href":"http:\/\/web120256.rex12.flatbooster.info\/ju_2020\/wp-json\/wp\/v2\/comments?post=68"}],"version-history":[{"count":1,"href":"http:\/\/web120256.rex12.flatbooster.info\/ju_2020\/wp-json\/wp\/v2\/pages\/68\/revisions"}],"predecessor-version":[{"id":69,"href":"http:\/\/web120256.rex12.flatbooster.info\/ju_2020\/wp-json\/wp\/v2\/pages\/68\/revisions\/69"}],"up":[{"embeddable":true,"href":"http:\/\/web120256.rex12.flatbooster.info\/ju_2020\/wp-json\/wp\/v2\/pages\/66"}],"wp:attachment":[{"href":"http:\/\/web120256.rex12.flatbooster.info\/ju_2020\/wp-json\/wp\/v2\/media?parent=68"}],"curies":[{"name":"wp","href":"https:\/\/api.w.org\/{rel}","templated":true}]}}