{"id":6,"date":"2019-05-19T22:10:36","date_gmt":"2019-05-19T20:10:36","guid":{"rendered":"http:\/\/web120256.rex12.flatbooster.info\/ju_2020\/?page_id=6"},"modified":"2019-05-19T23:16:08","modified_gmt":"2019-05-19T21:16:08","slug":"datenschutz","status":"publish","type":"page","link":"http:\/\/web120256.rex12.flatbooster.info\/ju_2020\/datenschutz\/","title":{"rendered":"Datenschutz"},"content":{"rendered":"\n<p>Die Betreiber dieser Seiten nehmen den Schutz Ihrer personenbezogenen  Daten ernst. Ihre personenbezogenen Daten werden vertraulich und  entsprechend der gesetzlichen Datenschutzvorschriften sowie dieser  Datenschutzerkl\u00e4rung behandelt. Zu den personenbezogenen Daten geh\u00f6ren  zum Beispiel Name, IP-Adresse, Postanschrift oder E- Mail-Adresse. Die  Erhebung der Daten erfolgt durch und f\u00fcr die Junge Union in  Bayern e.V. (JU), genauer durch den Ortsverband Neu\u00f6tting, vertreten  durch Christoph Karl. Kontaktm\u00f6glichkeiten unten unter 8.  Wir weisen  aber vorsichtshalber darauf hin, dass die Daten\u00fcbertragung im Internet  Sicherheitsl\u00fccken aufweisen kann. Ein l\u00fcckenloser Schutz der Daten vor  dem Zugriff durch Dritte ist praktisch nicht m\u00f6glich. Im Folgenden  m\u00f6chten wir Sie \u2013 auch im Sinne der Art. 13, 14 der  Datenschutzgrundverordnung (DSGVO) \u2013 dar\u00fcber informieren, in welcher  Weise auf dieser Seite personenbezogene Daten von Ihnen erfragt und  diese elektronisch gespeichert werden. <\/p>\n\n\n\n<h2 class=\"wp-block-heading\">1. Erhebung und Verarbeitung von Server-Logfile-Daten<\/h2>\n\n\n\n<p> Der Websitebetreiber bzw. Seitenprovider erhebt Daten \u00fcber Zugriffe auf  die Seite und speichert diese als \u201eServer-Logfiles\u201c ab. Folgende Daten,  die einzeln oder in Kombination auch Personenbezug aufweisen k\u00f6nnen,  k\u00f6nnen so protokolliert werden: besuchte Website; Uhrzeit zum Zeitpunkt  des Zugriffes; Menge der gesendeten Daten in Byte; Quelle\/Verweis, von  welchem Sie auf die Seite gelangten; verwendeter Browser; verwendetes  Betriebssystem; verwendete IP-Adresse. Die erhobenen Daten dienen  lediglich statistischen Auswertungen und zur Verbesserung der Website.  Der Websitebetreiber beh\u00e4lt sich allerdings vor, die Server-Logfiles  nachtr\u00e4glich zu \u00fcberpr\u00fcfen, sollten konkrete Anhaltspunkte auf eine  rechtswidrige Nutzung hinweisen. Falls in den Webseiten Inhalte Dritter,  bspw. von YouTube, Google Maps, etc. eingebunden werden, wird ggfs.  Ihre IP-Adresse an den Drittanbieter \u00fcbertragen. Server-Logfile-Daten  werden grunds\u00e4tzlich 90 Tage gespeichert.  <\/p>\n\n\n\n<h2 class=\"wp-block-heading\">2. Erhebung und Verarbeitung weiterer personenbezogener Daten <\/h2>\n\n\n\n<p>Weitere personenbezogene Daten werden von uns nur erhoben,<\/p>\n\n\n\n<ol class=\"wp-block-list\"><li>Erhebung und Verarbeitung von Server-Logfile-Daten? <\/li><\/ol>\n\n\n\n<ul class=\"wp-block-list\"><li>wenn Sie uns diese freiwillig mitteilen<\/li><li>aufgrund gesetzlicher Verpflichtung <\/li><li>soweit dies in dieser Datenschutzerkl\u00e4rung gesondert aufgef\u00fchrt wird. <\/li><\/ul>\n\n\n\n<p><\/p>\n\n\n\n<p>Rechtsgrundlage f\u00fcr die Datenverarbeitung ist Art. 6 Abs. 1 DSGVO, insbesondere lit. a), c) und f). Der Betreiber darf au\u00dferdem nach \u00a7 15 Abs. 3 Telemediengesetz f\u00fcr Zwecke der Werbung, der Marktforschung oder zur bedarfsgerechten Gestaltung der Seite Nutzungsprofile bei Verwendung von Pseudonymen erstellen, sofern der Nutzer dem nicht widerspricht. Diese Nutzungsprofile d\u00fcrfen nicht mit Daten \u00fcber den Tr\u00e4ger des Pseudonyms zusammengef\u00fchrt werden.<\/p>\n\n\n\n<p>Hinterlassen Sie auf dieser Website einen Beitrag oder Kommentar, wird Ihre IP- Adresse gespeichert. Dies dient der Sicherheit des Websitebetreibers: Verst\u00f6\u00dft Ihr Text gegen das Recht, m\u00f6chte er Ihre Identit\u00e4t nachverfolgen k\u00f6nnen.<\/p>\n\n\n\n<p>Angaben, die Sie bei Eintragung in unser Kontaktformular machen, werden zur weiteren Bearbeitung und f\u00fcr den Fall von Anschlussfragen gespeichert. Ihre Angaben werden f\u00fcr bis zu f\u00fcnf Jahre gespeichert.<\/p>\n\n\n\n<h2 class=\"wp-block-heading\">3. Cookies<\/h2>\n\n\n\n<p>Auf unseren Webseiten verwenden wir an mehreren Stellen sog. \u201eCookies\u201c. Cookies sind kleine Textdateien, die auf Ihrem Rechner abgelegt werden und die Ihr Browser auf Ihrem Computer speichert. Sie dienen dazu, unser Angebot nutzerfreundlicher, effektiver und sicherer zu machen.  <br> <br>Die von uns verwendeten Cookies sind so genannte \u201eDomain-Cookies\u201c. Diese  Cookies werden, wenn sie bei der Registrierung die Einstellung gew\u00e4hlt  haben \u201eAngemeldet bleiben\u201c auf Ihrem Rechner gespeichert. Dieses  Vorgehen erleichtert Ihnen die Nutzung unserer Webanwendung, da Sie sich  nicht bei jedem erneuten Besuch neu anmelden m\u00fcssen. Diese Cookies  richten auf Ihrem Rechner keinen Schaden an und enthalten keine Viren.<br>  Wenn Sie keine Cookies annehmen wollen, k\u00f6nnen Sie dies durch eine   entsprechende Einstellung Ihres Internet-Browsers verhindern. Dadurch   kann die Nutzung der Webseiten allerdings eingeschr\u00e4nkt sein.  <br>Insbesondere werden folgende Cookies eingesetzt: <br> a) Google Analytics?: Diese Website benutzt Google Analytics, einen  Webanalysedienst der Google Inc. (\u201eGoogle\u201c). Die Benutzung erfolgt auf  der Grundlage des Art. 6 Abs. 1 S. 1 lit. f. DSGVO. Google Analytics  verwendet sog. \u201eCookies\u201c, Textdateien, die auf Ihrem Computer  gespeichert werden und die eine Analyse der Benutzung der Webseite durch  Sie erm\u00f6glichen. Die durch den Cookie erzeugten Informationen \u00fcber Ihre  Benutzung der Webseite wie <\/p>\n\n\n\n<ul class=\"wp-block-list\"><li>Browser-Typ\/-Version,<\/li><li>verwendetes Betriebssystem,<\/li><li>Referrer-URL (die zuvor besuchte Seite),<\/li><li>Hostname des zugreifenden Rechners (IP-Adresse),<\/li><li>Uhrzeit der Serveranfrage,  <\/li><\/ul>\n\n\n\n<h2 class=\"wp-block-heading\">4.  Weitergabe personenbezogener Daten an Dritte <\/h2>\n\n\n\n<p>Ihre personenbezogenen Daten werden an Dritte nur weitergegeben oder sonst \u00fcbermittelt,<\/p>\n\n\n\n<ul class=\"wp-block-list\"><li>wenn dies zum Zwecke der Bearbeitung Ihrer Eingaben erforderlich ist (z.B. bei Webdienstleistern)<\/li><li>sofern dazu eine rechtliche Verpflichtung besteht (z.B. bei Beh\u00f6rden)<\/li><li>oder Sie zuvor ausdr\u00fccklich eingewilligt haben.<\/li><\/ul>\n\n\n\n<p>Der Umfang der \u00fcbermittelten Daten beschr\u00e4nkt sich grunds\u00e4tzlich auf das erforderliche Minimum.<\/p>\n\n\n\n<h2 class=\"wp-block-heading\">5. Widerruf von Einwilligungen, Widerspruch<\/h2>\n\n\n\n<p>Wir weisen Sie darauf hin, dass Sie Ihre Einwilligungen jederzeit ohne Angaben von Gr\u00fcnden mit Wirkung f\u00fcr die Zukunft widerrufen k\u00f6nnen.<\/p>\n\n\n\n<h2 class=\"wp-block-heading\"> 6. Auskunftsrecht und L\u00f6schung<\/h2>\n\n\n\n<p>Sie haben das Recht, von dem Verantwortlichen eine Best\u00e4tigung dar\u00fcber zu verlangen, ob Sie betreffende personenbezogene Daten verarbeitet werden. Ist dies der Fall, so haben Sie ein Recht auf Auskunft \u00fcber diese personenbezogenen Daten und auf die in Art. 15 DSGVO im Einzelnen aufgef\u00fchrten Informationen.<br> Sie haben das Recht, von dem Verantwortlichen unverz\u00fcglich die  Berichtigung Sie betreffender unrichtiger personenbezogener Daten und  ggf. die Vervollst\u00e4ndigung unvollst\u00e4ndiger personenbezogener Daten zu  verlangen (Art. 16 DSGVO). <br> Sie haben das Recht, von dem Verantwortlichen zu verlangen, dass sie  betreffende personenbezogene Daten unverz\u00fcglich gel\u00f6scht werden, sofern  einer der in Art. 17 DSGVO im einzelnen aufgef\u00fchrten Gr\u00fcnde zutrifft, z.  B. wenn die Daten f\u00fcr die verfolgten Zwecke nicht mehr ben\u00f6tigt werden  (Recht auf L\u00f6schung). Der Verantwortliche verarbeitet die  personenbezogenen Daten dann nicht mehr, es sei denn, er kann zwingende  schutzw\u00fcrdige Gr\u00fcnde f\u00fcr die Verarbeitung nachweisen, die die  Interessen, Rechte und Freiheiten der betroffenen Person \u00fcberwiegen,  oder die Verarbeitung dient der Geltendmachung, Aus\u00fcbung oder  Verteidigung von Rechtsanspr\u00fcchen (Art. 21 DSGVO). <br> Sie haben das Recht, von dem Verantwortlichen die Einschr\u00e4nkung der  Verarbeitung zu verlangen, wenn eine der in Art. 18 DSGVO aufgef\u00fchrten  Voraussetzungen gegeben ist, z. B. wenn Sie Widerspruch gegen die  Verarbeitung eingelegt hat, f\u00fcr die Dauer der Pr\u00fcfung durch den  Verantwortlichen. <\/p>\n\n\n\n<h2 class=\"wp-block-heading\">7. \u00c4nderungen dieser Datenschutzbestimmungen<\/h2>\n\n\n\n<p>Bleiben vorbehalten, etwa bei \u00c4nderungen der Gesetzeslage oder technischen Ver\u00e4nderungen der Website.<\/p>\n\n\n\n<h2 class=\"wp-block-heading\">8. Kontakt<\/h2>\n\n\n\n<p>In Belangen des Datenschutzes wenden Sie sich bitte an den Betreiber der Seite, Herrn Christoph Karl, ( Kontaktdaten, siehe Impressum):<\/p>\n\n\n\n<p>Ihre Rechte k\u00f6nnen Sie auch gegen\u00fcber dem Datenschutzbeauftragten der Christlich- Sozialen Union in Bayern e.V., derzeit Herrn Florian Mei\u00dfner, Mies-van-der-Rohe-Stra\u00dfe 1, 80807 M\u00fcnchen, Tel. 089\/1243-0, Fax 089\/1243-4297, datenschutzbeauftragter@csu-bayern.de geltend machen.<\/p>\n\n\n\n<p>Sie haben \u2013 unbeschadet eines anderweitigen verwaltungsrechtlichen oder gerichtlichen Rechtsbehelfs \u2013 das Recht auf Beschwerde bei einer Aufsichtsbeh\u00f6rde, wenn Sie der Ansicht sind, dass die Verarbeitung der sie betreffenden personenbezogenen Daten gegen die DSGVO verst\u00f6\u00dft (Art. 77 DSGVO). Sie k\u00f6nnen dieses Recht bei einer Aufsichtsbeh\u00f6rde in dem Mitgliedstaat ihres Aufenthaltsorts, ihres Arbeitsplatzes oder des Orts des mutma\u00dflichen Versto\u00dfes geltend machen. In Bayern ist die zust\u00e4ndige Aufsichtsbeh\u00f6rde: Landesamt f\u00fcr Datenschutzaufsicht, Promenade 27 (Schloss), 91522 Ansbach, Telefon: +49 (0) 981 53 1300, Telefax: +49 (0) 981 53 98 1300, E-Mail: poststelle@lda.bayern.de.<\/p>\n\n\n\n<h2 class=\"wp-block-heading\">9. Widerspruch Werbe-Mails <\/h2>\n\n\n\n<p>Wir widersprechen ausdr\u00fccklich, dass unsere im Rahmen der Impressumspflicht ver\u00f6ffentlichten Kontaktdaten dazu benutzt werden, um uns unaufgefordert Werbung und Informationsmaterialien zuzusenden, z.B. durch Spam-E-Mails. Wir behalten uns in diesem Fall rechtliche Schritte vor.<\/p>\n\n\n\n<h2 class=\"wp-block-heading\">10. Datenschutzerklarung fur die Nutzung von Social-Plugins <\/h2>\n\n\n\n<p>a) Verwendung von Facebook Social-Plugins (bei Verwendung der sog. 2-Klick-L\u00f6sung) Auf unseren Webseiten verwenden wir einen Plugin zum sozialen Netzwerk Facebook. Facebook ist ein Unternehmen der Facebook Inc., 1601 S. California Ave, Palo Alto, CA 94304,USA.<\/p>\n\n\n\n<p>Detaillierte Hinweise zu den Funktionen der einzelnen Plugins und deren Erscheinungsbild finden Sie auf der folgenden Webseite: http:\/\/developers.facebook.com\/docs\/plugins\/.<\/p>\n\n\n\n<p>Der Plugin zu Facebook verbirgt sich hinter dem zun\u00e4chst ausgegrauten Button mit dem \u201cf \u2013 Empfehlen\u201d-Zeichen. Durch Klick auf diesen Button k\u00f6nnen Sie eine Verbindung zu Facebook aufbauen. Wir m\u00f6chten Sie darauf hinweisen, dass mit dem Klick auf diesen Button, Facebook ggfs. Informationen und pers\u00f6nliche Daten (Ihre IP-Adresse) in Erfahrung bringt und speichert. N\u00e4heres entnehmen Sie bitte den Datenschutzhinweisen von Facebook (s.u.).<\/p>\n\n\n\n<p>Anders als bei Verwendung der klassischen Facebook-Plugins wird nicht bereits bei Aufruf unserer Webseite eine Verbindung zu Facebook aufgebaut, sondern erst wenn Sie mit einem Klick auf den Button das Plugin aktivieren. Der Button wird farbig. Dann baut Ihr Browser eine direkte Verbindung mit den Servern von Facebook auf. Der Inhalt des Plugins wird von Facebook direkt an Ihren Browser \u00fcbermittelt und von diesem in die Webseite eingebunden. Der Anbieter hat daher keinen Einfluss auf den Umfang der Daten, die Facebook mit Hilfe dieses Plugins erhebt und informiert die Nutzer daher entsprechend seinem Kenntnisstand:<\/p>\n\n\n\n<p>Durch die Einbindung der Plugins erh\u00e4lt Facebook die Information, dass ein Nutzer die entsprechende Seite des Angebots aufgerufen hat. Ist der Nutzer bei Facebook eingeloggt, kann Facebook den Besuch seinem Facebook-Konto zuordnen. Wenn Nutzer mit den Plugins interagieren, zum Beispiel den Like Button bet\u00e4tigen oder einen Kommentar abgeben, wird die entsprechende Information von Ihrem Browser direkt an Facebook \u00fcbermittelt und dort gespeichert. Falls ein Nutzer kein Mitglied von Facebook ist, besteht trotzdem die M\u00f6glichkeit, dass Facebook seine IP-Adresse in Erfahrung bringt und speichert. Laut Facebook wird in Deutschland nur eine anonymisierte IP-Adresse gespeichert.<\/p>\n\n\n\n<p>Zweck und Umfang der Datenerhebung und die weitere Verarbeitung und Nutzung der Daten durch Facebook sowie die diesbez\u00fcglichen Rechte und Einstellungsm\u00f6glichkeiten zum Schutz der Privatsph\u00e4re der Nutzer, k\u00f6nnen diese den Datenschutzhinweisen von Facebook entnehmen: https:\/\/www.facebook.com\/about\/privacy\/ .<\/p>\n\n\n\n<p>Wenn ein Nutzer Facebookmitglied ist und nicht m\u00f6chte, dass Facebook \u00fcber dieses Angebot Daten \u00fcber ihn sammelt und mit seinen bei Facebook gespeicherten Mitgliedsdaten verkn\u00fcpft, muss er sich vor dem Besuch des Internetauftritts bei Facebook ausloggen.<\/p>\n\n\n\n<p>Ebenfalls ist es m\u00f6glich Facebook-Social-Plugins mit Add-ons f\u00fcr Ihren Browser zu blocken, zum Beispiel mit dem \u201cFacebook Blocker\u201d.<\/p>\n\n\n\n<h2 class=\"wp-block-heading\">11. Google Maps <\/h2>\n\n\n\n<p>Die CSU-Webseiten und die CSU-Apps benutzen Google Maps. Google h\u00e4lt daf\u00fcr eine Datenschutzerkl\u00e4rung bereit. Einzelheiten erfahren Sie unter https:\/\/www.google.com\/intl\/de\/policies\/privacy\/.<\/p>\n","protected":false},"excerpt":{"rendered":"<p>Die Betreiber dieser Seiten nehmen den Schutz Ihrer personenbezogenen Daten ernst. Ihre personenbezogenen Daten werden vertraulich und entsprechend der gesetzlichen Datenschutzvorschriften sowie dieser Datenschutzerkl\u00e4rung behandelt. Zu den personenbezogenen Daten geh\u00f6ren zum Beispiel Name, IP-Adresse, Postanschrift oder E- Mail-Adresse. Die Erhebung der Daten erfolgt durch und f\u00fcr die Junge Union in Bayern e.V. (JU), genauer durch [&hellip;]<\/p>\n","protected":false},"author":1,"featured_media":0,"parent":0,"menu_order":0,"comment_status":"closed","ping_status":"closed","template":"","meta":{"footnotes":""},"class_list":["post-6","page","type-page","status-publish","hentry"],"_links":{"self":[{"href":"http:\/\/web120256.rex12.flatbooster.info\/ju_2020\/wp-json\/wp\/v2\/pages\/6","targetHints":{"allow":["GET"]}}],"collection":[{"href":"http:\/\/web120256.rex12.flatbooster.info\/ju_2020\/wp-json\/wp\/v2\/pages"}],"about":[{"href":"http:\/\/web120256.rex12.flatbooster.info\/ju_2020\/wp-json\/wp\/v2\/types\/page"}],"author":[{"embeddable":true,"href":"http:\/\/web120256.rex12.flatbooster.info\/ju_2020\/wp-json\/wp\/v2\/users\/1"}],"replies":[{"embeddable":true,"href":"http:\/\/web120256.rex12.flatbooster.info\/ju_2020\/wp-json\/wp\/v2\/comments?post=6"}],"version-history":[{"count":2,"href":"http:\/\/web120256.rex12.flatbooster.info\/ju_2020\/wp-json\/wp\/v2\/pages\/6\/revisions"}],"predecessor-version":[{"id":46,"href":"http:\/\/web120256.rex12.flatbooster.info\/ju_2020\/wp-json\/wp\/v2\/pages\/6\/revisions\/46"}],"wp:attachment":[{"href":"http:\/\/web120256.rex12.flatbooster.info\/ju_2020\/wp-json\/wp\/v2\/media?parent=6"}],"curies":[{"name":"wp","href":"https:\/\/api.w.org\/{rel}","templated":true}]}}