{"id":52,"date":"2019-05-19T23:40:00","date_gmt":"2019-05-19T21:40:00","guid":{"rendered":"http:\/\/web120256.rex12.flatbooster.info\/ju_2020\/?page_id=52"},"modified":"2019-12-26T00:22:51","modified_gmt":"2019-12-25T23:22:51","slug":"links","status":"publish","type":"page","link":"http:\/\/web120256.rex12.flatbooster.info\/ju_2020\/links\/","title":{"rendered":"Links"},"content":{"rendered":"\n<p>JU Deutschland &#8211; der Bundesverband der Jungen Union, <a href=\"http:\/\/www.junge-union.de\">www.junge-union.de <\/a><br>JU Bayern &#8211; unser Landesverband, <a href=\"http:\/\/www.ju-bayern.de \">www.ju-bayern.de<\/a><br>Bezirksverband JU Oberbayern, <a href=\"http:\/\/www.ju-oberbayern.de\">www.ju-oberbayern.de<\/a> <br>Kreisverband ALT\u00d6TTING, <a href=\"http:\/\/www.ju-kv-altoetting.de\">www.ju-kv-altoetting.de<\/a><br>CSU Neu\u00f6tting, <a href=\"http:\/\/www.csu-neuoetting.de\">www.csu-neuoetting.de<\/a><\/p>\n\n\n\n<p><\/p>\n\n\n\n<h2 class=\"wp-block-heading\">Medien<\/h2>\n\n\n\n<ul class=\"wp-block-list\"><li>Alt- Neu\u00f6ttinger Anzeiger, <a href=\"https:\/\/www.pnp.de\/lokales\/landkreis_altoetting\/altoetting\/\">www.pnp.de<\/a><\/li><li>Allround TV, <a href=\"https:\/\/www.allround-tv.de\">www.allround-tv.de<\/a><\/li><li>Der Bajuware, <a href=\"http:\/\/www.derbajuware.de\">www.derbajuware.de<\/a><\/li><li>Wochenblatt Alt\u00f6tting, <a href=\"https:\/\/www.wochenblatt.de\/altoetting\">www.wochenblatt.de<\/a><\/li><li>Innsalzach 24, <a href=\"https:\/\/www.innsalzach24.de\/innsalzach\/region-alt-neuoetting\/\">www.innsalzach24.de<\/a><\/li><\/ul>\n\n\n\n<h2 class=\"wp-block-heading\"><strong>Abgeordnete der Region<\/strong> <\/h2>\n\n\n\n<p>Stephan Mayer (MdB &amp; Parlamt. Staatssektret\u00e4r), <a href=\"https:\/\/www.mayer-stephan.de target=&quot;_blank&quot;\" rel=\"noopener noreferrer\">www.mayer-stephan.de<\/a><\/p>\n\n\n\n<p>Dr. Martin Huber (MdL), unser Abgeordneter im Bayr. Landtag, <a href=\"https:\/\/www.hubermartin.de target=&quot;_blank&quot;\" rel=\"noopener noreferrer\">www.hubermartin.de<\/a><\/p>\n\n\n\n<p>Gisela Kriegl, f\u00fcr uns im Bezirkstag, <a href=\"https:\/\/www.bezirk-oberbayern.de\/Bezirk\/Bezirkstag\/Mitglieder\/Alphabetische-Sortierung target=&quot;_blank&quot;\" rel=\"noopener noreferrer\">www.bezirk-oberbayern.de<\/a><\/p>\n\n\n\n<h2 class=\"wp-block-heading\">Weitere interessante Links<\/h2>\n\n\n\n<ul class=\"wp-block-list\"><li>Hanns-Seidel-Stiftung, <a href=\"https:\/\/www.hss.de\">www.hss.de<\/a><\/li><li>Bayernkurier, #Klartext f\u00fcr Bayern, <a href=\"https:\/\/www.bayernkurier.de\">www.bayernkurier.de<\/a><\/li><\/ul>\n","protected":false},"excerpt":{"rendered":"<p>JU Deutschland &#8211; der Bundesverband der Jungen Union, www.junge-union.de JU Bayern &#8211; unser Landesverband, www.ju-bayern.deBezirksverband JU Oberbayern, www.ju-oberbayern.de Kreisverband ALT\u00d6TTING, www.ju-kv-altoetting.deCSU Neu\u00f6tting, www.csu-neuoetting.de Medien Alt- Neu\u00f6ttinger Anzeiger, www.pnp.de Allround TV, www.allround-tv.de Der Bajuware, www.derbajuware.de Wochenblatt Alt\u00f6tting, www.wochenblatt.de Innsalzach 24, www.innsalzach24.de Abgeordnete der Region Stephan Mayer (MdB &amp; Parlamt. Staatssektret\u00e4r), www.mayer-stephan.de Dr. Martin Huber (MdL), unser [&hellip;]<\/p>\n","protected":false},"author":1,"featured_media":0,"parent":0,"menu_order":0,"comment_status":"closed","ping_status":"closed","template":"","meta":{"footnotes":""},"class_list":["post-52","page","type-page","status-publish","hentry"],"_links":{"self":[{"href":"http:\/\/web120256.rex12.flatbooster.info\/ju_2020\/wp-json\/wp\/v2\/pages\/52","targetHints":{"allow":["GET"]}}],"collection":[{"href":"http:\/\/web120256.rex12.flatbooster.info\/ju_2020\/wp-json\/wp\/v2\/pages"}],"about":[{"href":"http:\/\/web120256.rex12.flatbooster.info\/ju_2020\/wp-json\/wp\/v2\/types\/page"}],"author":[{"embeddable":true,"href":"http:\/\/web120256.rex12.flatbooster.info\/ju_2020\/wp-json\/wp\/v2\/users\/1"}],"replies":[{"embeddable":true,"href":"http:\/\/web120256.rex12.flatbooster.info\/ju_2020\/wp-json\/wp\/v2\/comments?post=52"}],"version-history":[{"count":6,"href":"http:\/\/web120256.rex12.flatbooster.info\/ju_2020\/wp-json\/wp\/v2\/pages\/52\/revisions"}],"predecessor-version":[{"id":96,"href":"http:\/\/web120256.rex12.flatbooster.info\/ju_2020\/wp-json\/wp\/v2\/pages\/52\/revisions\/96"}],"wp:attachment":[{"href":"http:\/\/web120256.rex12.flatbooster.info\/ju_2020\/wp-json\/wp\/v2\/media?parent=52"}],"curies":[{"name":"wp","href":"https:\/\/api.w.org\/{rel}","templated":true}]}}